{"id":907,"date":"2021-02-25T08:54:21","date_gmt":"2021-02-25T08:54:21","guid":{"rendered":"https:\/\/ativo.vamtam.com\/?page_id=907"},"modified":"2026-01-04T16:17:38","modified_gmt":"2026-01-04T15:17:38","slug":"terms-conditions","status":"publish","type":"page","link":"https:\/\/sofiesmentaltraining.com\/de\/terms-conditions\/","title":{"rendered":"Allgemeine Gesch\u00e4ftsbedingungen"},"content":{"rendered":"<div data-elementor-type=\"wp-page\" data-elementor-id=\"907\" class=\"elementor elementor-907\" data-elementor-settings=\"{&quot;ha_cmc_init_switcher&quot;:&quot;no&quot;}\" data-elementor-post-type=\"page\">\n\t\t\t\t\t\t<section class=\"elementor-section elementor-top-section elementor-element elementor-element-d6d3726 elementor-section-boxed elementor-section-height-default elementor-section-height-default\" data-id=\"d6d3726\" data-element_type=\"section\" data-e-type=\"section\" data-settings=\"{&quot;_ha_eqh_enable&quot;:false}\">\n\t\t\t\t\t\t<div class=\"elementor-container elementor-column-gap-no\">\n\t\t\t\t\t<div class=\"elementor-column elementor-col-100 elementor-top-column elementor-element elementor-element-fdc8ec0\" data-id=\"fdc8ec0\" data-element_type=\"column\" data-e-type=\"column\">\n\t\t\t<div class=\"elementor-widget-wrap elementor-element-populated\">\n\t\t\t\t\t\t\t<\/div>\n\t\t<\/div>\n\t\t\t\t\t<\/div>\n\t\t<\/section>\n\t\t\t\t<section class=\"elementor-section elementor-top-section elementor-element elementor-element-3c0eff5 elementor-section-boxed elementor-section-height-default elementor-section-height-default\" data-id=\"3c0eff5\" data-element_type=\"section\" data-e-type=\"section\" data-settings=\"{&quot;_ha_eqh_enable&quot;:false}\">\n\t\t\t\t\t\t<div class=\"elementor-container elementor-column-gap-no\">\n\t\t\t\t\t<div class=\"elementor-column elementor-col-100 elementor-top-column elementor-element elementor-element-19f955c\" data-id=\"19f955c\" data-element_type=\"column\" data-e-type=\"column\">\n\t\t\t<div class=\"elementor-widget-wrap elementor-element-populated\">\n\t\t\t\t\t\t<div class=\"elementor-element elementor-element-cd0ae13 elementor-widget elementor-widget-heading\" data-id=\"cd0ae13\" data-element_type=\"widget\" data-e-type=\"widget\" data-widget_type=\"heading.default\">\n\t\t\t\t<div class=\"elementor-widget-container\">\n\t\t\t\t\t<h5 class=\"elementor-heading-title elementor-size-default\">( AGB) f\u00fcr Mentaltraining<\/h5>\t\t\t\t<\/div>\n\t\t\t\t<\/div>\n\t\t\t\t<div class=\"elementor-element elementor-element-e929954 elementor-widget elementor-widget-heading\" data-id=\"e929954\" data-element_type=\"widget\" data-e-type=\"widget\" data-widget_type=\"heading.default\">\n\t\t\t\t<div class=\"elementor-widget-container\">\n\t\t\t\t\t<h3 class=\"elementor-heading-title elementor-size-default\">Geltungsbereich:<\/h3>\t\t\t\t<\/div>\n\t\t\t\t<\/div>\n\t\t\t\t<div class=\"vamtam-has-theme-widget-styles elementor-element elementor-element-4ccf657 elementor-widget elementor-widget-text-editor\" data-id=\"4ccf657\" data-element_type=\"widget\" data-e-type=\"widget\" data-widget_type=\"text-editor.default\">\n\t\t\t\t<div class=\"elementor-widget-container\">\n\t\t\t\t\t\t\t\t\t<p style=\"margin: 0in; font-family: 'Segoe UI'; font-size: 11.25pt; color: #242424;\">Diese AGB gelten f\u00fcr alle Dienstleistungen von Sofies Mentaltraining (insbesondere Gruppentraining), im Folgenden als \u201eMentaltrainer\u201d bezeichnet.<\/p>\t\t\t\t\t\t\t\t<\/div>\n\t\t\t\t<\/div>\n\t\t\t\t<div class=\"elementor-element elementor-element-5cdac08 elementor-widget elementor-widget-heading\" data-id=\"5cdac08\" data-element_type=\"widget\" data-e-type=\"widget\" data-widget_type=\"heading.default\">\n\t\t\t\t<div class=\"elementor-widget-container\">\n\t\t\t\t\t<h3 class=\"elementor-heading-title elementor-size-default\">1. Vertragsgegenstand<\/h3>\t\t\t\t<\/div>\n\t\t\t\t<\/div>\n\t\t\t\t<div class=\"vamtam-has-theme-widget-styles elementor-element elementor-element-41a3738 elementor-widget elementor-widget-text-editor\" data-id=\"41a3738\" data-element_type=\"widget\" data-e-type=\"widget\" data-widget_type=\"text-editor.default\">\n\t\t\t\t<div class=\"elementor-widget-container\">\n\t\t\t\t\t\t\t\t\t<p style=\"margin: 0in; font-family: 'Segoe UI'; font-size: 11.25pt; color: #242424;\">Gegenstand des Vertrages ist die Durchf\u00fcrung von Mentaltraining stellt keine Therapy oder \u00e4rztliche Behandlung dar und ersetzt diese auch nicht.<br data-start=\"1016\" data-end=\"1019\" \/>Die Teilnahme erfolgt auf eigene Verantwortung.<\/p>\t\t\t\t\t\t\t\t<\/div>\n\t\t\t\t<\/div>\n\t\t\t\t<div class=\"elementor-element elementor-element-9d37834 elementor-widget elementor-widget-heading\" data-id=\"9d37834\" data-element_type=\"widget\" data-e-type=\"widget\" data-widget_type=\"heading.default\">\n\t\t\t\t<div class=\"elementor-widget-container\">\n\t\t\t\t\t<h3 class=\"elementor-heading-title elementor-size-default\">2. Antragstellung und Vertragsabschluss\n<\/h3>\t\t\t\t<\/div>\n\t\t\t\t<\/div>\n\t\t\t\t<div class=\"vamtam-has-theme-widget-styles elementor-element elementor-element-ec803b8 elementor-widget elementor-widget-text-editor\" data-id=\"ec803b8\" data-element_type=\"widget\" data-e-type=\"widget\" data-widget_type=\"text-editor.default\">\n\t\t\t\t<div class=\"elementor-widget-container\">\n\t\t\t\t\t\t\t\t\t<p style=\"margin: 0in; font-family: 'Segoe UI'; font-size: 11.25pt; color: #242424;\">Die Anmeldung zu Gruppentraining erfolgt \u00fcber die Webseite.<br \/>Der Vertrag kommt mit der Best\u00e4tigung durch den Mentaltrainer und dem Erhalt der Rechnung zustande.<\/p>\t\t\t\t\t\t\t\t<\/div>\n\t\t\t\t<\/div>\n\t\t\t\t<div class=\"elementor-element elementor-element-673afc5 elementor-widget elementor-widget-heading\" data-id=\"673afc5\" data-element_type=\"widget\" data-e-type=\"widget\" data-widget_type=\"heading.default\">\n\t\t\t\t<div class=\"elementor-widget-container\">\n\t\t\t\t\t<h3 class=\"elementor-heading-title elementor-size-default\">3. Teilnahmebedingungen und Mindestalter<\/h3>\t\t\t\t<\/div>\n\t\t\t\t<\/div>\n\t\t\t\t<div class=\"vamtam-has-theme-widget-styles elementor-element elementor-element-7f61505 elementor-widget elementor-widget-text-editor\" data-id=\"7f61505\" data-element_type=\"widget\" data-e-type=\"widget\" data-widget_type=\"text-editor.default\">\n\t\t\t\t<div class=\"elementor-widget-container\">\n\t\t\t\t\t\t\t\t\t<h6 data-start=\"2920\" data-end=\"2931\">\u200bMindestalter:<\/h6><p data-start=\"2932\" data-end=\"3015\">Das Angebot des Mentaltrainings richtet sich ausschlie\u00dflich an Personen, die das 18. Lebensjahr vollendet haben (vollj\u00e4hrig sind).<\/p><h6 data-start=\"3017\" data-end=\"3035\">Vertragsabschluss<\/h6><p data-start=\"3036\" data-end=\"3161\">Mit der Buchung eines Trainings best\u00e4tigt der Kunde, dass er mindestens 18 Jahre alt und voll gesch\u00e4ftsf\u00e4hig ist.<\/p><h6 data-start=\"3163\" data-end=\"3174\">Ausnahme<\/h6><p data-start=\"3175\" data-end=\"3367\">Minderj\u00e4hrige sind von der Teilnahme ausgeschlossen, es sei denn, es liegt eine ausdr\u00fcckliche schriftliche Zustimmung der gesetzlichen Vertreter vor und der Mentaltrainer stimmt der Durchf\u00fchrung im Einzelfall explizit zu.<\/p><h6 data-start=\"3369\" data-end=\"3389\">\u200bEigenverantwortung:<\/h6><p data-start=\"3390\" data-end=\"3563\">Der Kunde best\u00e4tigt, dass er geistig und k\u00f6rperlich in der Lage ist, am Mentaltraining teilzunehmen. Das Training ersetzt keine medizinische oder psychotherapeutische Behandlung.<\/p>\t\t\t\t\t\t\t\t<\/div>\n\t\t\t\t<\/div>\n\t\t\t\t<div class=\"elementor-element elementor-element-312956c elementor-widget elementor-widget-heading\" data-id=\"312956c\" data-element_type=\"widget\" data-e-type=\"widget\" data-widget_type=\"heading.default\">\n\t\t\t\t<div class=\"elementor-widget-container\">\n\t\t\t\t\t<h3 class=\"elementor-heading-title elementor-size-default\">4. Zahlungsbedingungen<\/h3>\t\t\t\t<\/div>\n\t\t\t\t<\/div>\n\t\t\t\t<div class=\"vamtam-has-theme-widget-styles elementor-element elementor-element-02f9b37 elementor-widget elementor-widget-text-editor\" data-id=\"02f9b37\" data-element_type=\"widget\" data-e-type=\"widget\" data-widget_type=\"text-editor.default\">\n\t\t\t\t<div class=\"elementor-widget-container\">\n\t\t\t\t\t\t\t\t\t<p>Die Kursgeb\u00fchr ist nach Rechnungserhalt ohne Abzug f\u00e4llig.<br data-start=\"2123\" data-end=\"2126\" \/>Die Teilnahme am Gruppentraining ist erst nach vollst\u00e4ndingem Zahlungseingang garantiert.<\/p>\t\t\t\t\t\t\t\t<\/div>\n\t\t\t\t<\/div>\n\t\t\t\t<div class=\"elementor-element elementor-element-1d14bad elementor-widget elementor-widget-heading\" data-id=\"1d14bad\" data-element_type=\"widget\" data-e-type=\"widget\" data-widget_type=\"heading.default\">\n\t\t\t\t<div class=\"elementor-widget-container\">\n\t\t\t\t\t<h3 class=\"elementor-heading-title elementor-size-default\">5. Besonderes R\u00fcckgaberecht<\/h3>\t\t\t\t<\/div>\n\t\t\t\t<\/div>\n\t\t\t\t<div class=\"elementor-element elementor-element-a249894 elementor-widget elementor-widget-heading\" data-id=\"a249894\" data-element_type=\"widget\" data-e-type=\"widget\" data-widget_type=\"heading.default\">\n\t\t\t\t<div class=\"elementor-widget-container\">\n\t\t\t\t\t<h3 class=\"elementor-heading-title elementor-size-default\">( Storno von Zahlung )<\/h3>\t\t\t\t<\/div>\n\t\t\t\t<\/div>\n\t\t\t\t<div class=\"vamtam-has-theme-widget-styles elementor-element elementor-element-469d37d elementor-widget elementor-widget-text-editor\" data-id=\"469d37d\" data-element_type=\"widget\" data-e-type=\"widget\" data-widget_type=\"text-editor.default\">\n\t\t\t\t<div class=\"elementor-widget-container\">\n\t\t\t\t\t\t\t\t\t<p data-start=\"1069\" data-end=\"1160\">Abweichend von den gesetzlichen Bestimmungen gew\u00e4hrt der Mentaltrainer folgendes Recht:<br \/>Nach erfolgter Zahlung kann der Teilnehmer innerhalb von 3 Kalendertagen ohne Angaben von Gr\u00fcnden vom Vertrag zur\u00fccktreten und erh\u00e4lt die volle Geb\u00fchr zur\u00fcckerstattet.<br \/>Dieses Recht erlischt vorzeitig wenn das Training bereits innerhalb dieser 3 tage beginnt.<\/p>\t\t\t\t\t\t\t\t<\/div>\n\t\t\t\t<\/div>\n\t\t\t\t<div class=\"elementor-element elementor-element-57a8ac5 elementor-widget elementor-widget-heading\" data-id=\"57a8ac5\" data-element_type=\"widget\" data-e-type=\"widget\" data-widget_type=\"heading.default\">\n\t\t\t\t<div class=\"elementor-widget-container\">\n\t\t\t\t\t<h3 class=\"elementor-heading-title elementor-size-default\">6. Absageregelung und Termine<\/h3>\t\t\t\t<\/div>\n\t\t\t\t<\/div>\n\t\t\t\t<div class=\"elementor-element elementor-element-090cc47 elementor-widget elementor-widget-heading\" data-id=\"090cc47\" data-element_type=\"widget\" data-e-type=\"widget\" data-widget_type=\"heading.default\">\n\t\t\t\t<div class=\"elementor-widget-container\">\n\t\t\t\t\t<h3 class=\"elementor-heading-title elementor-size-default\">Absagen durch den Teilnehmer:<\/h3>\t\t\t\t<\/div>\n\t\t\t\t<\/div>\n\t\t\t\t<div class=\"vamtam-has-theme-widget-styles elementor-element elementor-element-815c213 elementor-widget elementor-widget-text-editor\" data-id=\"815c213\" data-element_type=\"widget\" data-e-type=\"widget\" data-widget_type=\"text-editor.default\">\n\t\t\t\t<div class=\"elementor-widget-container\">\n\t\t\t\t\t\t\t\t\t<p data-start=\"2664\" data-end=\"3061\">Erfolgt eine Absage oder Umbuchung bis zu 24 Stunden vor dem geplanten Termin, besteht kein Anspruch auf R\u00fcckerstattung. In diesem Fall wird jedoch die M\u00f6glichkeit geboten, einen Ersatztermin in einer zuk\u00fcnftigen Gruppe wahrzunehmen ( sofern Pl\u00e4tze verf\u00fcgbar sind ).<br data-start=\"593\" data-end=\"596\" \/>Bei Absagen unter 24 Stunden vor Terminbeginn oder bei Nichterscheinen verf\u00e4llt die Kursgeb\u00fchr zur G\u00e4nze, und es besteht kein Anspruch auf einen Ersatztermin.<\/p>\t\t\t\t\t\t\t\t<\/div>\n\t\t\t\t<\/div>\n\t\t\t\t<div class=\"elementor-element elementor-element-abe3385 elementor-widget elementor-widget-heading\" data-id=\"abe3385\" data-element_type=\"widget\" data-e-type=\"widget\" data-widget_type=\"heading.default\">\n\t\t\t\t<div class=\"elementor-widget-container\">\n\t\t\t\t\t<h3 class=\"elementor-heading-title elementor-size-default\">Absagen durch den Mentaltrainer:<\/h3>\t\t\t\t<\/div>\n\t\t\t\t<\/div>\n\t\t\t\t<div class=\"vamtam-has-theme-widget-styles elementor-element elementor-element-1780c92 elementor-widget elementor-widget-text-editor\" data-id=\"1780c92\" data-element_type=\"widget\" data-e-type=\"widget\" data-widget_type=\"text-editor.default\">\n\t\t\t\t<div class=\"elementor-widget-container\">\n\t\t\t\t\t\t\t\t\t<p data-start=\"2664\" data-end=\"3061\">Sollte ein Training aus wichtigen Gr\u00fcnden ( z. B. Krankheit, zu geringe Teilnehmerzahl ) abgesagt werden m\u00fcssen, wird die Geb\u00fchr vollst\u00e4ndig zur\u00fcckerstattet oder auf Wunsch ein Ersatztermin vereinbart.<\/p>\t\t\t\t\t\t\t\t<\/div>\n\t\t\t\t<\/div>\n\t\t\t\t<div class=\"elementor-element elementor-element-ae03dc6 elementor-widget elementor-widget-heading\" data-id=\"ae03dc6\" data-element_type=\"widget\" data-e-type=\"widget\" data-widget_type=\"heading.default\">\n\t\t\t\t<div class=\"elementor-widget-container\">\n\t\t\t\t\t<h3 class=\"elementor-heading-title elementor-size-default\">7. Haftungsausschluss<\/h3>\t\t\t\t<\/div>\n\t\t\t\t<\/div>\n\t\t\t\t<div class=\"vamtam-has-theme-widget-styles elementor-element elementor-element-633d0ea elementor-widget elementor-widget-text-editor\" data-id=\"633d0ea\" data-element_type=\"widget\" data-e-type=\"widget\" data-widget_type=\"text-editor.default\">\n\t\t\t\t<div class=\"elementor-widget-container\">\n\t\t\t\t\t\t\t\t\t<p data-start=\"1445\" data-end=\"1480\">Die Teilnahme am Mentaltraining setzt eine normale psychische und physische Belastbarkeit voraus.<br data-start=\"3431\" data-end=\"3434\" \/>Der Mentaltrainer haftet nicht f\u00fcr pers\u00f6nliche Erfolge oder Sch\u00e4den , die aus der Anwendung der Trainingsinhalte resultieren, sofern kein grob fahrl\u00e4ssiges oder vors\u00e4tzliches Verschulden vorliegt.<\/p>\t\t\t\t\t\t\t\t<\/div>\n\t\t\t\t<\/div>\n\t\t\t\t<div class=\"elementor-element elementor-element-6071f25 elementor-widget elementor-widget-heading\" data-id=\"6071f25\" data-element_type=\"widget\" data-e-type=\"widget\" data-widget_type=\"heading.default\">\n\t\t\t\t<div class=\"elementor-widget-container\">\n\t\t\t\t\t<h3 class=\"elementor-heading-title elementor-size-default\">8. Datenschutz<\/h3>\t\t\t\t<\/div>\n\t\t\t\t<\/div>\n\t\t\t\t<div class=\"vamtam-has-theme-widget-styles elementor-element elementor-element-f5a0727 elementor-widget elementor-widget-text-editor\" data-id=\"f5a0727\" data-element_type=\"widget\" data-e-type=\"widget\" data-widget_type=\"text-editor.default\">\n\t\t\t\t<div class=\"elementor-widget-container\">\n\t\t\t\t\t\t\t\t\t<p data-start=\"1445\" data-end=\"1480\">Die vom Teilnehmer angegebenen Daten werden ausschlie\u00dflich zur Vertragserf\u00fcllung und Kundenbetreuung verwendet ( gem\u00e4\u00df DSGVO ).<\/p>\t\t\t\t\t\t\t\t<\/div>\n\t\t\t\t<\/div>\n\t\t\t\t<div class=\"elementor-element elementor-element-9c3c7f9 elementor-widget elementor-widget-heading\" data-id=\"9c3c7f9\" data-element_type=\"widget\" data-e-type=\"widget\" data-widget_type=\"heading.default\">\n\t\t\t\t<div class=\"elementor-widget-container\">\n\t\t\t\t\t<h3 class=\"elementor-heading-title elementor-size-default\">9. Schlussbestimmungen<\/h3>\t\t\t\t<\/div>\n\t\t\t\t<\/div>\n\t\t\t\t<div class=\"vamtam-has-theme-widget-styles elementor-element elementor-element-8d67fb0 elementor-widget elementor-widget-text-editor\" data-id=\"8d67fb0\" data-element_type=\"widget\" data-e-type=\"widget\" data-widget_type=\"text-editor.default\">\n\t\t\t\t<div class=\"elementor-widget-container\">\n\t\t\t\t\t\t\t\t\t<p data-start=\"1445\" data-end=\"1480\">Es gilt \u00f6sterreichisches Recht.<br data-start=\"3875\" data-end=\"3878\" \/>Gerichtsstand ist Innsbruck.<br data-start=\"3909\" data-end=\"3912\" \/>Sollten einzelne Bestimmungen dieser AGB unwirksam sein, bleibt die Wirksamkeit der \u00fcbrigen Bestimmungen unber\u00fchrt.<\/p>\t\t\t\t\t\t\t\t<\/div>\n\t\t\t\t<\/div>\n\t\t\t\t<div class=\"elementor-element elementor-element-acdd794 elementor-widget elementor-widget-heading\" data-id=\"acdd794\" data-element_type=\"widget\" data-e-type=\"widget\" data-widget_type=\"heading.default\">\n\t\t\t\t<div class=\"elementor-widget-container\">\n\t\t\t\t\t<h3 class=\"elementor-heading-title elementor-size-default\">Stand: 18. 12. 2025<\/h3>\t\t\t\t<\/div>\n\t\t\t\t<\/div>\n\t\t\t\t\t<\/div>\n\t\t<\/div>\n\t\t\t\t\t<\/div>\n\t\t<\/section>\n\t\t\t\t<\/div>","protected":false},"excerpt":{"rendered":"<p>(\u00c1SZF) Mentaltr\u00e9ning szolg\u00e1ltat\u00e1sra Hat\u00e1ly Jelen \u00c1SZF a Sofies Mentaltraining valamennyi szolg\u00e1ltat\u00e1s\u00e1ra (k\u00fcl\u00f6n\u00f6sen a csoportos tr\u00e9ningekre) vonatkozik, a tov\u00e1bbiakban: \u201eMent\u00e1ltr\u00e9ner\u201d. 1. A szerz\u0151d\u00e9s t\u00e1rgya A szerz\u0151d\u00e9s t\u00e1rgya ment\u00e1ltr\u00e9ning lebonyol\u00edt\u00e1sa, amely nem min\u0151s\u00fcl ter\u00e1pi\u00e1nak vagy orvosi kezel\u00e9snek, \u00e9s nem helyettes\u00edti azokat.A r\u00e9szv\u00e9tel saj\u00e1t felel\u0151ss\u00e9gre t\u00f6rt\u00e9nik. 2. Jelentkez\u00e9s \u00e9s szerz\u0151d\u00e9sk\u00f6t\u00e9s A csoportos tr\u00e9ningekre t\u00f6rt\u00e9n\u0151 jelentkez\u00e9s a weboldalon kereszt\u00fcl&#8230;<\/p>","protected":false},"author":1,"featured_media":0,"parent":0,"menu_order":0,"comment_status":"closed","ping_status":"closed","template":"","meta":{"_acf_changed":false,"footnotes":""},"class_list":["post-907","page","type-page","status-publish","hentry"],"acf":[],"_links":{"self":[{"href":"https:\/\/sofiesmentaltraining.com\/de\/wp-json\/wp\/v2\/pages\/907","targetHints":{"allow":["GET"]}}],"collection":[{"href":"https:\/\/sofiesmentaltraining.com\/de\/wp-json\/wp\/v2\/pages"}],"about":[{"href":"https:\/\/sofiesmentaltraining.com\/de\/wp-json\/wp\/v2\/types\/page"}],"author":[{"embeddable":true,"href":"https:\/\/sofiesmentaltraining.com\/de\/wp-json\/wp\/v2\/users\/1"}],"replies":[{"embeddable":true,"href":"https:\/\/sofiesmentaltraining.com\/de\/wp-json\/wp\/v2\/comments?post=907"}],"version-history":[{"count":12,"href":"https:\/\/sofiesmentaltraining.com\/de\/wp-json\/wp\/v2\/pages\/907\/revisions"}],"predecessor-version":[{"id":989464,"href":"https:\/\/sofiesmentaltraining.com\/de\/wp-json\/wp\/v2\/pages\/907\/revisions\/989464"}],"wp:attachment":[{"href":"https:\/\/sofiesmentaltraining.com\/de\/wp-json\/wp\/v2\/media?parent=907"}],"curies":[{"name":"wp","href":"https:\/\/api.w.org\/{rel}","templated":true}]}}