{"id":989868,"date":"2026-03-11T10:47:37","date_gmt":"2026-03-11T09:47:37","guid":{"rendered":"https:\/\/sofiesmentaltraining.com\/?page_id=989868"},"modified":"2026-03-11T11:10:06","modified_gmt":"2026-03-11T10:10:06","slug":"adatvedelemi-nyilatkozat","status":"publish","type":"page","link":"https:\/\/sofiesmentaltraining.com\/de\/adatvedelemi-nyilatkozat\/","title":{"rendered":"Datenschutzerkl\u00e4rung"},"content":{"rendered":"<div data-elementor-type=\"wp-page\" data-elementor-id=\"989868\" class=\"elementor elementor-989868\" data-elementor-settings=\"{&quot;ha_cmc_init_switcher&quot;:&quot;no&quot;}\" data-elementor-post-type=\"page\">\n\t\t\t\t\t\t<section class=\"elementor-section elementor-top-section elementor-element elementor-element-d6d3726 elementor-section-boxed elementor-section-height-default elementor-section-height-default\" data-id=\"d6d3726\" data-element_type=\"section\" data-e-type=\"section\" data-settings=\"{&quot;_ha_eqh_enable&quot;:false}\">\n\t\t\t\t\t\t<div class=\"elementor-container elementor-column-gap-no\">\n\t\t\t\t\t<div class=\"elementor-column elementor-col-100 elementor-top-column elementor-element elementor-element-fdc8ec0\" data-id=\"fdc8ec0\" data-element_type=\"column\" data-e-type=\"column\">\n\t\t\t<div class=\"elementor-widget-wrap elementor-element-populated\">\n\t\t\t\t\t\t\t<\/div>\n\t\t<\/div>\n\t\t\t\t\t<\/div>\n\t\t<\/section>\n\t\t\t\t<section class=\"elementor-section elementor-top-section elementor-element elementor-element-3c0eff5 elementor-section-boxed elementor-section-height-default elementor-section-height-default\" data-id=\"3c0eff5\" data-element_type=\"section\" data-e-type=\"section\" data-settings=\"{&quot;_ha_eqh_enable&quot;:false}\">\n\t\t\t\t\t\t<div class=\"elementor-container elementor-column-gap-no\">\n\t\t\t\t\t<div class=\"elementor-column elementor-col-100 elementor-top-column elementor-element elementor-element-19f955c\" data-id=\"19f955c\" data-element_type=\"column\" data-e-type=\"column\">\n\t\t\t<div class=\"elementor-widget-wrap elementor-element-populated\">\n\t\t\t\t\t\t<div class=\"vamtam-has-theme-widget-styles elementor-element elementor-element-4ccf657 elementor-widget elementor-widget-text-editor\" data-id=\"4ccf657\" data-element_type=\"widget\" data-e-type=\"widget\" data-widget_type=\"text-editor.default\">\n\t\t\t\t<div class=\"elementor-widget-container\">\n\t\t\t\t\t\t\t\t\t<p style=\"margin: 0in; font-family: 'Segoe UI'; font-size: 11.25pt; color: #242424;\">Der Schutz Ihrer pers\u00f6nlichen Daten ist mir ein besonderes Anliegen.<br \/>Ich verarbeite Ihre Daten daher ausschlie\u00dflich auf Grundlage der gesetzlichen Bestimmungen ( DSGVO, TKG 2021).<br \/>In dieser Datenschutzinformation informiere ich sie \u00fcber die wichtigsten Aspekte der Datenverarbeitung im Rahmen meiner T\u00e4tigkeit als Mentaltrainer.<br \/><br \/><\/p>\t\t\t\t\t\t\t\t<\/div>\n\t\t\t\t<\/div>\n\t\t\t\t<div class=\"elementor-element elementor-element-5cdac08 elementor-widget elementor-widget-heading\" data-id=\"5cdac08\" data-element_type=\"widget\" data-e-type=\"widget\" data-widget_type=\"heading.default\">\n\t\t\t\t<div class=\"elementor-widget-container\">\n\t\t\t\t\t<h3 class=\"elementor-heading-title elementor-size-default\">1. Verantwortliche Person<\/h3>\t\t\t\t<\/div>\n\t\t\t\t<\/div>\n\t\t\t\t<div class=\"vamtam-has-theme-widget-styles elementor-element elementor-element-41a3738 elementor-widget elementor-widget-text-editor\" data-id=\"41a3738\" data-element_type=\"widget\" data-e-type=\"widget\" data-widget_type=\"text-editor.default\">\n\t\t\t\t<div class=\"elementor-widget-container\">\n\t\t\t\t\t\t\t\t\t<p style=\"margin: 0in; font-family: 'Segoe UI'; font-size: 11.25pt; color: #242424;\">Zs\u00f3fia Mudik<br \/>Anzengruberstrasse 12.<br \/>6020 Innsbruck<br \/>\u00d6sterreich<br \/>E-Mail: <a class=\"decorated-link cursor-pointer\" href=\"mailto:info@sofiesmentaltraining.com\" rel=\"noopener\" data-start=\"1433\" data-end=\"1462\">info@sofiesmentaltraining.com<\/a><br \/>Telefon: <a href=\"tel:436507922373\">+43 650 79 22 373<\/a><\/p>\t\t\t\t\t\t\t\t<\/div>\n\t\t\t\t<\/div>\n\t\t\t\t<div class=\"elementor-element elementor-element-9d37834 elementor-widget elementor-widget-heading\" data-id=\"9d37834\" data-element_type=\"widget\" data-e-type=\"widget\" data-widget_type=\"heading.default\">\n\t\t\t\t<div class=\"elementor-widget-container\">\n\t\t\t\t\t<h3 class=\"elementor-heading-title elementor-size-default\">2. Zwecke der Datenverarbeitung\n<\/h3>\t\t\t\t<\/div>\n\t\t\t\t<\/div>\n\t\t\t\t<div class=\"elementor-element elementor-element-b6970fc elementor-widget elementor-widget-heading\" data-id=\"b6970fc\" data-element_type=\"widget\" data-e-type=\"widget\" data-widget_type=\"heading.default\">\n\t\t\t\t<div class=\"elementor-widget-container\">\n\t\t\t\t\t<h3 class=\"elementor-heading-title elementor-size-default\">A. Vertragsabwicklung &amp; Rechnungslegung\n<\/h3>\t\t\t\t<\/div>\n\t\t\t\t<\/div>\n\t\t\t\t<div class=\"vamtam-has-theme-widget-styles elementor-element elementor-element-ec803b8 elementor-widget elementor-widget-text-editor\" data-id=\"ec803b8\" data-element_type=\"widget\" data-e-type=\"widget\" data-widget_type=\"text-editor.default\">\n\t\t\t\t<div class=\"elementor-widget-container\">\n\t\t\t\t\t\t\t\t\t<p style=\"margin: 0in; font-family: 'Segoe UI'; font-size: 11.25pt; color: #242424;\">Zum Zweck der Vertragsabwicklung und der Erstellung von Rechnungen verarbeite ich folgende Daten:<br \/><br \/><\/p>\t\t\t\t\t\t\t\t<\/div>\n\t\t\t\t<\/div>\n\t\t\t\t<div class=\"elementor-element elementor-element-b11ec32 elementor-icon-list--layout-traditional elementor-list-item-link-full_width elementor-widget elementor-widget-icon-list\" data-id=\"b11ec32\" data-element_type=\"widget\" data-e-type=\"widget\" data-widget_type=\"icon-list.default\">\n\t\t\t\t<div class=\"elementor-widget-container\">\n\t\t\t\t\t\t\t<ul class=\"elementor-icon-list-items\">\n\t\t\t\t\t\t\t<li class=\"elementor-icon-list-item\">\n\t\t\t\t\t\t\t\t\t\t\t<span class=\"elementor-icon-list-icon\">\n\t\t\t\t\t\t\t<i aria-hidden=\"true\" class=\"vamtamtheme- vamtam-theme-star\"><\/i>\t\t\t\t\t\t<\/span>\n\t\t\t\t\t\t\t\t\t\t<span class=\"elementor-icon-list-text\">Name ( Vor - und Nachname )<\/span>\n\t\t\t\t\t\t\t\t\t<\/li>\n\t\t\t\t\t\t\t\t<li class=\"elementor-icon-list-item\">\n\t\t\t\t\t\t\t\t\t\t\t<span class=\"elementor-icon-list-icon\">\n\t\t\t\t\t\t\t<i aria-hidden=\"true\" class=\"vamtamtheme- vamtam-theme-star\"><\/i>\t\t\t\t\t\t<\/span>\n\t\t\t\t\t\t\t\t\t\t<span class=\"elementor-icon-list-text\">Anschrift<\/span>\n\t\t\t\t\t\t\t\t\t<\/li>\n\t\t\t\t\t\t\t\t<li class=\"elementor-icon-list-item\">\n\t\t\t\t\t\t\t\t\t\t\t<span class=\"elementor-icon-list-icon\">\n\t\t\t\t\t\t\t<i aria-hidden=\"true\" class=\"vamtamtheme- vamtam-theme-star\"><\/i>\t\t\t\t\t\t<\/span>\n\t\t\t\t\t\t\t\t\t\t<span class=\"elementor-icon-list-text\">Kontaktdaten ( E-mail, Telefonnummer )<\/span>\n\t\t\t\t\t\t\t\t\t<\/li>\n\t\t\t\t\t\t\t\t<li class=\"elementor-icon-list-item\">\n\t\t\t\t\t\t\t\t\t\t\t<span class=\"elementor-icon-list-icon\">\n\t\t\t\t\t\t\t<i aria-hidden=\"true\" class=\"vamtamtheme- vamtam-theme-star\"><\/i>\t\t\t\t\t\t<\/span>\n\t\t\t\t\t\t\t\t\t\t<span class=\"elementor-icon-list-text\">Ggf. erbrachte Leistungen und Termindaten.<\/span>\n\t\t\t\t\t\t\t\t\t<\/li>\n\t\t\t\t\t\t<\/ul>\n\t\t\t\t\t\t<\/div>\n\t\t\t\t<\/div>\n\t\t\t\t<div class=\"vamtam-has-theme-widget-styles elementor-element elementor-element-d35133b elementor-widget elementor-widget-text-editor\" data-id=\"d35133b\" data-element_type=\"widget\" data-e-type=\"widget\" data-widget_type=\"text-editor.default\">\n\t\t\t\t<div class=\"elementor-widget-container\">\n\t\t\t\t\t\t\t\t\t<p data-start=\"1069\" data-end=\"1160\">Die Datenverarbeitung erfolgt auf Basis des Art.6 Abs. 1 lit.b DSGVO ( Vertragserf\u00fcllung).<br \/>Ohne diese Daten kann ich den Vertrag mit Ihnen nicht abschlie\u00dfen oder erf\u00fcllen.<\/p>\t\t\t\t\t\t\t\t<\/div>\n\t\t\t\t<\/div>\n\t\t\t\t<div class=\"elementor-element elementor-element-7918ae6 elementor-widget elementor-widget-heading\" data-id=\"7918ae6\" data-element_type=\"widget\" data-e-type=\"widget\" data-widget_type=\"heading.default\">\n\t\t\t\t<div class=\"elementor-widget-container\">\n\t\t\t\t\t<h3 class=\"elementor-heading-title elementor-size-default\">B. E-Mail-Marketing (Newsletter)\n<\/h3>\t\t\t\t<\/div>\n\t\t\t\t<\/div>\n\t\t\t\t<div class=\"vamtam-has-theme-widget-styles elementor-element elementor-element-7016467 elementor-widget elementor-widget-text-editor\" data-id=\"7016467\" data-element_type=\"widget\" data-e-type=\"widget\" data-widget_type=\"text-editor.default\">\n\t\t\t\t<div class=\"elementor-widget-container\">\n\t\t\t\t\t\t\t\t\t<p data-start=\"1069\" data-end=\"1160\">Wenn Sie sich f\u00fcr meinen Newsletter anmelden oder im Rahmen einer Buchung Ihre Einwilligung erteilen, verwende ich Ihre E-mail Adresse, um Ihnen Informationen \u00fcber Angebote, Workshops und Mentaltraining - Tipps zuzusenden.<br \/><br \/>Hierf\u00fcr nutze ich den E-Mail-Versanddienstleister Brevo (Sendinblue GmbH).<br \/><br \/>Rechtsgrundlage f\u00fcr die Datenverarbeitung ist Ihre Einwilligung gem\u00e4\u00df Artikel 6 Absatz 1 Buchstabe a DSGVO bzw. im Falle bestehender Kunden gem\u00e4\u00df \u00a7 174 TKG 2021.<\/p>\t\t\t\t\t\t\t\t<\/div>\n\t\t\t\t<\/div>\n\t\t\t\t<div class=\"elementor-element elementor-element-673afc5 elementor-widget elementor-widget-heading\" data-id=\"673afc5\" data-element_type=\"widget\" data-e-type=\"widget\" data-widget_type=\"heading.default\">\n\t\t\t\t<div class=\"elementor-widget-container\">\n\t\t\t\t\t<h3 class=\"elementor-heading-title elementor-size-default\">3. Daten\u00fcbermittlung an Dritte<\/h3>\t\t\t\t<\/div>\n\t\t\t\t<\/div>\n\t\t\t\t<div class=\"elementor-element elementor-element-df10bec elementor-widget elementor-widget-heading\" data-id=\"df10bec\" data-element_type=\"widget\" data-e-type=\"widget\" data-widget_type=\"heading.default\">\n\t\t\t\t<div class=\"elementor-widget-container\">\n\t\t\t\t\t<h3 class=\"elementor-heading-title elementor-size-default\">Brevo (E-Mail-Marketing)<\/h3>\t\t\t\t<\/div>\n\t\t\t\t<\/div>\n\t\t\t\t<div class=\"vamtam-has-theme-widget-styles elementor-element elementor-element-7f61505 elementor-widget elementor-widget-text-editor\" data-id=\"7f61505\" data-element_type=\"widget\" data-e-type=\"widget\" data-widget_type=\"text-editor.default\">\n\t\t\t\t<div class=\"elementor-widget-container\">\n\t\t\t\t\t\t\t\t\t<p data-start=\"2932\" data-end=\"3015\">Ich \u00fcbermittle Ihre E-mail Adresse und ggf. Ihre Namen an die Sendinblue GmbH ( Brevo ), K\u00f6penicker Stra\u00dfe 126., 10179 Berlin, Deutschland.<\/p><p data-start=\"2932\" data-end=\"3015\">Brevo ist ein Dienstleister, der als Auftragsverarbeiter fungiert und Ihre Daten ausschlie\u00dflich nach meimem Weisungen verarbeitet.<\/p><p data-start=\"2932\" data-end=\"3015\">Ein entsprechender Auftragsverarbeitungsvertrag ( AVV ) gem\u00e4\u00df Art.28 DSGVO wurde abgeschlossen.<\/p>\t\t\t\t\t\t\t\t<\/div>\n\t\t\t\t<\/div>\n\t\t\t\t<div class=\"elementor-element elementor-element-bec93a6 elementor-widget elementor-widget-heading\" data-id=\"bec93a6\" data-element_type=\"widget\" data-e-type=\"widget\" data-widget_type=\"heading.default\">\n\t\t\t\t<div class=\"elementor-widget-container\">\n\t\t\t\t\t<h3 class=\"elementor-heading-title elementor-size-default\">Buchhaltung &amp; Beh\u00f6rden<\/h3>\t\t\t\t<\/div>\n\t\t\t\t<\/div>\n\t\t\t\t<div class=\"vamtam-has-theme-widget-styles elementor-element elementor-element-fa229f8 elementor-widget elementor-widget-text-editor\" data-id=\"fa229f8\" data-element_type=\"widget\" data-e-type=\"widget\" data-widget_type=\"text-editor.default\">\n\t\t\t\t<div class=\"elementor-widget-container\">\n\t\t\t\t\t\t\t\t\t<p data-start=\"2932\" data-end=\"3015\">Zur Erf\u00fcllung meiner steuerrechtlichen Verpflichtungen \u00fcbermittle ich rechnungsrelevante Daten an meinen Steuerberater sowie im Bedarfsfall an die Finanzbeh\u00f6rden.<\/p>\t\t\t\t\t\t\t\t<\/div>\n\t\t\t\t<\/div>\n\t\t\t\t<div class=\"elementor-element elementor-element-312956c elementor-widget elementor-widget-heading\" data-id=\"312956c\" data-element_type=\"widget\" data-e-type=\"widget\" data-widget_type=\"heading.default\">\n\t\t\t\t<div class=\"elementor-widget-container\">\n\t\t\t\t\t<h3 class=\"elementor-heading-title elementor-size-default\">4. Speicherdauer<\/h3>\t\t\t\t<\/div>\n\t\t\t\t<\/div>\n\t\t\t\t<div class=\"vamtam-has-theme-widget-styles elementor-element elementor-element-02f9b37 elementor-widget elementor-widget-text-editor\" data-id=\"02f9b37\" data-element_type=\"widget\" data-e-type=\"widget\" data-widget_type=\"text-editor.default\">\n\t\t\t\t<div class=\"elementor-widget-container\">\n\t\t\t\t\t\t\t\t\t<p>Rechnungsdaten: Diese werden aufgrund der gesetzlichen Aufbewahrungsfrist gem\u00e4\u00df \u00a7132 BAO f\u00fcr 7 Jahre gespeichert.<\/p><p>Marketingdaten: Ihre Daten f\u00fcr den Newsletter - Versand speichere ich so lange, bis sie Ihre Einwilligung wiederrufen oder sich vom Newsletter abmelden.<\/p>\t\t\t\t\t\t\t\t<\/div>\n\t\t\t\t<\/div>\n\t\t\t\t<div class=\"elementor-element elementor-element-1d14bad elementor-widget elementor-widget-heading\" data-id=\"1d14bad\" data-element_type=\"widget\" data-e-type=\"widget\" data-widget_type=\"heading.default\">\n\t\t\t\t<div class=\"elementor-widget-container\">\n\t\t\t\t\t<h3 class=\"elementor-heading-title elementor-size-default\">5. Ihre Rechte<\/h3>\t\t\t\t<\/div>\n\t\t\t\t<\/div>\n\t\t\t\t<div class=\"vamtam-has-theme-widget-styles elementor-element elementor-element-469d37d elementor-widget elementor-widget-text-editor\" data-id=\"469d37d\" data-element_type=\"widget\" data-e-type=\"widget\" data-widget_type=\"text-editor.default\">\n\t\t\t\t<div class=\"elementor-widget-container\">\n\t\t\t\t\t\t\t\t\t<p data-start=\"1069\" data-end=\"1160\">Ihnen stehen grunds\u00e4tzlich die Rechte auf Auskunft, Berichtigung, L\u00f6schung, Einschr\u00e4nkung, Daten\u00fcbertragbarkeit, Wiederruf und Widerspruch zu.<\/p><p data-start=\"1069\" data-end=\"1160\">Wenn Sie glauben, dass die Verarbeitung Ihrer Daten gegen das Datenschutzrecht verst\u00f6\u00dft oder Ihre datenschutzrechtlichen Anspr\u00fcche sonst in einer Weise verletzt worden sind, k\u00f6nnen Sie sich bei der Aufsichtbeh\u00f6rde beschweren.<\/p><p data-start=\"1069\" data-end=\"1160\">\u00a0In \u00d6sterreich ist dies die Datenschutzbeh\u00f6rde (DSB).<\/p>\t\t\t\t\t\t\t\t<\/div>\n\t\t\t\t<\/div>\n\t\t\t\t<div class=\"elementor-element elementor-element-57a8ac5 elementor-widget elementor-widget-heading\" data-id=\"57a8ac5\" data-element_type=\"widget\" data-e-type=\"widget\" data-widget_type=\"heading.default\">\n\t\t\t\t<div class=\"elementor-widget-container\">\n\t\t\t\t\t<h3 class=\"elementor-heading-title elementor-size-default\">6. Widerruf<\/h3>\t\t\t\t<\/div>\n\t\t\t\t<\/div>\n\t\t\t\t<div class=\"vamtam-has-theme-widget-styles elementor-element elementor-element-815c213 elementor-widget elementor-widget-text-editor\" data-id=\"815c213\" data-element_type=\"widget\" data-e-type=\"widget\" data-widget_type=\"text-editor.default\">\n\t\t\t\t<div class=\"elementor-widget-container\">\n\t\t\t\t\t\t\t\t\t<p data-start=\"2664\" data-end=\"3061\">Sie k\u00f6nnen Ihre Einwilligung zum Erhalt des Newsletter jederzeit widerrufen.<\/p><p data-start=\"2664\" data-end=\"3061\">Nutzen Sie dazu den Abmeldelink am Ende jeder E-mail oder senden Sie eine Nachricht an die oben genannten Kontaktdaten.<\/p>\t\t\t\t\t\t\t\t<\/div>\n\t\t\t\t<\/div>\n\t\t\t\t<div class=\"elementor-element elementor-element-acdd794 elementor-widget elementor-widget-heading\" data-id=\"acdd794\" data-element_type=\"widget\" data-e-type=\"widget\" data-widget_type=\"heading.default\">\n\t\t\t\t<div class=\"elementor-widget-container\">\n\t\t\t\t\t<h3 class=\"elementor-heading-title elementor-size-default\">Datum: 11.03.2026.<\/h3>\t\t\t\t<\/div>\n\t\t\t\t<\/div>\n\t\t\t\t\t<\/div>\n\t\t<\/div>\n\t\t\t\t\t<\/div>\n\t\t<\/section>\n\t\t\t\t<\/div>","protected":false},"excerpt":{"rendered":"<p>Az \u00d6n szem\u00e9lyes adatainak v\u00e9delme sz\u00e1momra k\u00fcl\u00f6n\u00f6sen fontos.Az \u00d6n adatait ez\u00e9rt kiz\u00e1r\u00f3lag a jogszab\u00e1lyi rendelkez\u00e9sek alapj\u00e1n dolgozom fel (GDPR, TKG 2021).Jelen adatv\u00e9delmi t\u00e1j\u00e9koztat\u00f3ban ismertetem az adatkezel\u00e9s legfontosabb szempontjait ment\u00e1ltr\u00e9neri tev\u00e9kenys\u00e9gem keret\u00e9ben. 1. Adatkezel\u0151 Mudik Zs\u00f3fiaAnzengruberstra\u00dfe 12.6020 InnsbruckAusztriaE-mail: info@sofiesmentaltraining.comTelefon: +43 650 79 22 373 2. Az adatkezel\u00e9s c\u00e9ljai A. Szerz\u0151d\u00e9s teljes\u00edt\u00e9se \u00e9s sz\u00e1ml\u00e1z\u00e1s A szerz\u0151d\u00e9s teljes\u00edt\u00e9se&#8230;<\/p>","protected":false},"author":1,"featured_media":0,"parent":0,"menu_order":0,"comment_status":"closed","ping_status":"closed","template":"","meta":{"_acf_changed":false,"footnotes":""},"class_list":["post-989868","page","type-page","status-publish","hentry"],"acf":[],"_links":{"self":[{"href":"https:\/\/sofiesmentaltraining.com\/de\/wp-json\/wp\/v2\/pages\/989868","targetHints":{"allow":["GET"]}}],"collection":[{"href":"https:\/\/sofiesmentaltraining.com\/de\/wp-json\/wp\/v2\/pages"}],"about":[{"href":"https:\/\/sofiesmentaltraining.com\/de\/wp-json\/wp\/v2\/types\/page"}],"author":[{"embeddable":true,"href":"https:\/\/sofiesmentaltraining.com\/de\/wp-json\/wp\/v2\/users\/1"}],"replies":[{"embeddable":true,"href":"https:\/\/sofiesmentaltraining.com\/de\/wp-json\/wp\/v2\/comments?post=989868"}],"version-history":[{"count":4,"href":"https:\/\/sofiesmentaltraining.com\/de\/wp-json\/wp\/v2\/pages\/989868\/revisions"}],"predecessor-version":[{"id":989872,"href":"https:\/\/sofiesmentaltraining.com\/de\/wp-json\/wp\/v2\/pages\/989868\/revisions\/989872"}],"wp:attachment":[{"href":"https:\/\/sofiesmentaltraining.com\/de\/wp-json\/wp\/v2\/media?parent=989868"}],"curies":[{"name":"wp","href":"https:\/\/api.w.org\/{rel}","templated":true}]}}