{"id":988071,"date":"2025-01-08T23:01:01","date_gmt":"2025-01-08T22:01:01","guid":{"rendered":"https:\/\/sofiesmentaltraining.com\/?post_type=product&#038;p=988071"},"modified":"2025-02-24T09:19:19","modified_gmt":"2025-02-24T08:19:19","slug":"komfortzona","status":"publish","type":"product","link":"https:\/\/sofiesmentaltraining.com\/de\/product\/komfortzona\/","title":{"rendered":"Verlassen der Komfortzone"},"content":{"rendered":"","protected":false},"excerpt":{"rendered":"<p><span data-contrast=\"none\">Oft \u00e4ndern wir eine f\u00fcr uns unangenehme Lebenssituation nicht, weil wir daran gew\u00f6hnt sind oder weil sie bequem ist, oder weil wir Angst vor dem Neuen haben.<\/span><\/p>\n<p><span data-contrast=\"none\">Im Training lernen wir mithilfe von \u00dcbungen, wie wir da rauskommen.<\/span><\/p>\n<p><span data-contrast=\"none\">Tapfer dem \u201eWas w\u00e4re, wenn\u2026?\u201c entgegentreten mit einer Frage.<\/span><\/p>","protected":false},"featured_media":988223,"comment_status":"closed","ping_status":"closed","template":"","meta":{"_acf_changed":false},"product_brand":[],"product_cat":[89],"product_tag":[],"class_list":{"0":"post-988071","1":"product","2":"type-product","3":"status-publish","4":"has-post-thumbnail","6":"product_cat-csoportos-ora","8":"first","9":"outofstock","10":"shipping-taxable","11":"product-type-variable"},"acf":[],"_links":{"self":[{"href":"https:\/\/sofiesmentaltraining.com\/de\/wp-json\/wp\/v2\/product\/988071","targetHints":{"allow":["GET"]}}],"collection":[{"href":"https:\/\/sofiesmentaltraining.com\/de\/wp-json\/wp\/v2\/product"}],"about":[{"href":"https:\/\/sofiesmentaltraining.com\/de\/wp-json\/wp\/v2\/types\/product"}],"replies":[{"embeddable":true,"href":"https:\/\/sofiesmentaltraining.com\/de\/wp-json\/wp\/v2\/comments?post=988071"}],"version-history":[{"count":4,"href":"https:\/\/sofiesmentaltraining.com\/de\/wp-json\/wp\/v2\/product\/988071\/revisions"}],"predecessor-version":[{"id":988291,"href":"https:\/\/sofiesmentaltraining.com\/de\/wp-json\/wp\/v2\/product\/988071\/revisions\/988291"}],"wp:featuredmedia":[{"embeddable":true,"href":"https:\/\/sofiesmentaltraining.com\/de\/wp-json\/wp\/v2\/media\/988223"}],"wp:attachment":[{"href":"https:\/\/sofiesmentaltraining.com\/de\/wp-json\/wp\/v2\/media?parent=988071"}],"wp:term":[{"taxonomy":"product_brand","embeddable":true,"href":"https:\/\/sofiesmentaltraining.com\/de\/wp-json\/wp\/v2\/product_brand?post=988071"},{"taxonomy":"product_cat","embeddable":true,"href":"https:\/\/sofiesmentaltraining.com\/de\/wp-json\/wp\/v2\/product_cat?post=988071"},{"taxonomy":"product_tag","embeddable":true,"href":"https:\/\/sofiesmentaltraining.com\/de\/wp-json\/wp\/v2\/product_tag?post=988071"}],"curies":[{"name":"wp","href":"https:\/\/api.w.org\/{rel}","templated":true}]}}