{"id":989089,"date":"2025-09-25T00:28:48","date_gmt":"2025-09-24T22:28:48","guid":{"rendered":"https:\/\/sofiesmentaltraining.com\/?post_type=product&#038;p=989089"},"modified":"2025-10-06T13:25:11","modified_gmt":"2025-10-06T11:25:11","slug":"a-komfortzona-elhagyasa-online","status":"publish","type":"product","link":"https:\/\/sofiesmentaltraining.com\/de\/product\/a-komfortzona-elhagyasa-online\/","title":{"rendered":"ONLINE<br>Verlassen der Komfortzone"},"content":{"rendered":"","protected":false},"excerpt":{"rendered":"<p><span data-contrast=\"none\">Oft \u00e4ndern wir eine f\u00fcr uns unangenehme Lebenssituation nicht, weil wir daran gew\u00f6hnt sind oder weil sie bequem ist, oder weil wir Angst vor dem Neuen haben.<\/span><\/p>\n<p><span data-contrast=\"none\">Im Training lernen wir mithilfe von \u00dcbungen, wie wir da rauskommen.<\/span><\/p>\n<p><span data-contrast=\"none\">Tapfer dem \u201eWas w\u00e4re, wenn\u2026?\u201c entgegentreten mit einer Frage.<\/span><\/p>","protected":false},"featured_media":988223,"comment_status":"closed","ping_status":"closed","template":"","meta":{"_acf_changed":false},"product_brand":[],"product_cat":[96],"product_tag":[],"class_list":{"0":"post-989089","1":"product","2":"type-product","3":"status-publish","4":"has-post-thumbnail","6":"product_cat-online-csoportos-ora","8":"first","9":"outofstock","10":"shipping-taxable","11":"product-type-variable"},"acf":[],"_links":{"self":[{"href":"https:\/\/sofiesmentaltraining.com\/de\/wp-json\/wp\/v2\/product\/989089","targetHints":{"allow":["GET"]}}],"collection":[{"href":"https:\/\/sofiesmentaltraining.com\/de\/wp-json\/wp\/v2\/product"}],"about":[{"href":"https:\/\/sofiesmentaltraining.com\/de\/wp-json\/wp\/v2\/types\/product"}],"replies":[{"embeddable":true,"href":"https:\/\/sofiesmentaltraining.com\/de\/wp-json\/wp\/v2\/comments?post=989089"}],"version-history":[{"count":3,"href":"https:\/\/sofiesmentaltraining.com\/de\/wp-json\/wp\/v2\/product\/989089\/revisions"}],"predecessor-version":[{"id":989093,"href":"https:\/\/sofiesmentaltraining.com\/de\/wp-json\/wp\/v2\/product\/989089\/revisions\/989093"}],"wp:featuredmedia":[{"embeddable":true,"href":"https:\/\/sofiesmentaltraining.com\/de\/wp-json\/wp\/v2\/media\/988223"}],"wp:attachment":[{"href":"https:\/\/sofiesmentaltraining.com\/de\/wp-json\/wp\/v2\/media?parent=989089"}],"wp:term":[{"taxonomy":"product_brand","embeddable":true,"href":"https:\/\/sofiesmentaltraining.com\/de\/wp-json\/wp\/v2\/product_brand?post=989089"},{"taxonomy":"product_cat","embeddable":true,"href":"https:\/\/sofiesmentaltraining.com\/de\/wp-json\/wp\/v2\/product_cat?post=989089"},{"taxonomy":"product_tag","embeddable":true,"href":"https:\/\/sofiesmentaltraining.com\/de\/wp-json\/wp\/v2\/product_tag?post=989089"}],"curies":[{"name":"wp","href":"https:\/\/api.w.org\/{rel}","templated":true}]}}