{"id":989104,"date":"2025-09-25T09:15:03","date_gmt":"2025-09-25T07:15:03","guid":{"rendered":"https:\/\/sofiesmentaltraining.com\/?post_type=product&#038;p=989104"},"modified":"2025-10-20T10:50:58","modified_gmt":"2025-10-20T08:50:58","slug":"onlinehol-vagyok-en-a-sajat-eletemben","status":"publish","type":"product","link":"https:\/\/sofiesmentaltraining.com\/de\/product\/onlinehol-vagyok-en-a-sajat-eletemben\/","title":{"rendered":"ONLINE<br>Wo stehe ich in meinem eigenen Leben?"},"content":{"rendered":"","protected":false},"excerpt":{"rendered":"<div dir=\"auto\" data-olk-copy-source=\"MessageBody\">\n<div dir=\"auto\" data-olk-copy-source=\"MessageBody\">Entdecke dich selbst w\u00e4hrend des Trainings!<\/div>\n<div dir=\"auto\">Im Training konzentrieren wir uns darauf, wie wichtig Sie sich selbst sind.<\/div>\n<div dir=\"auto\">Wo stehen Sie in Ihrem Leben?<\/div>\n<div dir=\"auto\">Wenn Sie das Gef\u00fchl haben, dass die Bed\u00fcrfnisse anderer h\u00e4ufiger im Vordergrund stehen als Ihre eigenen, dann ist es Zeit, an der Schulung teilzunehmen!<\/div>\n<\/div>","protected":false},"featured_media":989217,"comment_status":"closed","ping_status":"closed","template":"","meta":{"_acf_changed":false},"product_brand":[],"product_cat":[96],"product_tag":[],"class_list":{"0":"post-989104","1":"product","2":"type-product","3":"status-publish","4":"has-post-thumbnail","6":"product_cat-online-csoportos-ora","8":"first","9":"outofstock","10":"shipping-taxable","11":"product-type-variable"},"acf":[],"_links":{"self":[{"href":"https:\/\/sofiesmentaltraining.com\/de\/wp-json\/wp\/v2\/product\/989104","targetHints":{"allow":["GET"]}}],"collection":[{"href":"https:\/\/sofiesmentaltraining.com\/de\/wp-json\/wp\/v2\/product"}],"about":[{"href":"https:\/\/sofiesmentaltraining.com\/de\/wp-json\/wp\/v2\/types\/product"}],"replies":[{"embeddable":true,"href":"https:\/\/sofiesmentaltraining.com\/de\/wp-json\/wp\/v2\/comments?post=989104"}],"version-history":[{"count":2,"href":"https:\/\/sofiesmentaltraining.com\/de\/wp-json\/wp\/v2\/product\/989104\/revisions"}],"predecessor-version":[{"id":989218,"href":"https:\/\/sofiesmentaltraining.com\/de\/wp-json\/wp\/v2\/product\/989104\/revisions\/989218"}],"wp:featuredmedia":[{"embeddable":true,"href":"https:\/\/sofiesmentaltraining.com\/de\/wp-json\/wp\/v2\/media\/989217"}],"wp:attachment":[{"href":"https:\/\/sofiesmentaltraining.com\/de\/wp-json\/wp\/v2\/media?parent=989104"}],"wp:term":[{"taxonomy":"product_brand","embeddable":true,"href":"https:\/\/sofiesmentaltraining.com\/de\/wp-json\/wp\/v2\/product_brand?post=989104"},{"taxonomy":"product_cat","embeddable":true,"href":"https:\/\/sofiesmentaltraining.com\/de\/wp-json\/wp\/v2\/product_cat?post=989104"},{"taxonomy":"product_tag","embeddable":true,"href":"https:\/\/sofiesmentaltraining.com\/de\/wp-json\/wp\/v2\/product_tag?post=989104"}],"curies":[{"name":"wp","href":"https:\/\/api.w.org\/{rel}","templated":true}]}}