{"id":989405,"date":"2025-11-24T19:34:05","date_gmt":"2025-11-24T18:34:05","guid":{"rendered":"https:\/\/sofiesmentaltraining.com\/?post_type=product&#038;p=989405"},"modified":"2025-12-05T15:09:28","modified_gmt":"2025-12-05T14:09:28","slug":"onlinecsoportos-mentaltrening-egesz-napos","status":"publish","type":"product","link":"https:\/\/sofiesmentaltraining.com\/de\/product\/onlinecsoportos-mentaltrening-egesz-napos\/","title":{"rendered":"ONLINE<br>Mentales Gruppentraining<br>DEN GANZEN TAG"},"content":{"rendered":"","protected":false},"excerpt":{"rendered":"<style>\n.mtl2 {<br \/>  list-style: none;<br \/>  padding-left: 0;<br \/>}<br \/>.mtl2 li {<br \/>  position: relative;<br \/>  padding-left: 1.6em;<br \/>}<br \/>.mtl2 li::before {<br \/>  content: \"\u029a\u025e\";<br \/>  color: #1D71BF;<br \/>  font-weight: 500;<br \/>  position: absolute;<br \/>  left: 0;<br \/>}<br \/><\/style>\n<div>Bei diesem Mentaltraining steht kein spezielles Thema im Vordergrund.<\/div>\n<div>Mit Hilfe der Aufgaben:<\/div>\n<ul class=\"mtl2\">\n<li>wir entwickeln positives Denken<\/li>\n<li>wir st\u00e4rken unser Selbstwertgef\u00fchl<\/li>\n<li>wir verbessern unser Selbstbild<\/li>\n<li>hilft Ihnen, Herausforderungen effektiver zu bew\u00e4ltigen<\/li>\n<li>unterst\u00fctzt die Aufrechterhaltung der Motivation<\/li>\n<\/ul>\n<div>Dieses Training ist interaktiv, das hei\u00dft, wir w\u00e4hlen die Themen nach Ihren Bed\u00fcrfnissen aus.<br \/>\nDadurch ist jeder Anlass einzigartig und anders.<\/div>","protected":false},"featured_media":989213,"comment_status":"closed","ping_status":"closed","template":"","meta":{"_acf_changed":false},"product_brand":[],"product_cat":[98,96],"product_tag":[],"class_list":{"0":"post-989405","1":"product","2":"type-product","3":"status-publish","4":"has-post-thumbnail","6":"product_cat-mentaltrening-2","7":"product_cat-online-csoportos-ora","9":"first","10":"outofstock","11":"shipping-taxable","12":"purchasable","13":"product-type-variable"},"acf":[],"_links":{"self":[{"href":"https:\/\/sofiesmentaltraining.com\/de\/wp-json\/wp\/v2\/product\/989405","targetHints":{"allow":["GET"]}}],"collection":[{"href":"https:\/\/sofiesmentaltraining.com\/de\/wp-json\/wp\/v2\/product"}],"about":[{"href":"https:\/\/sofiesmentaltraining.com\/de\/wp-json\/wp\/v2\/types\/product"}],"replies":[{"embeddable":true,"href":"https:\/\/sofiesmentaltraining.com\/de\/wp-json\/wp\/v2\/comments?post=989405"}],"version-history":[{"count":3,"href":"https:\/\/sofiesmentaltraining.com\/de\/wp-json\/wp\/v2\/product\/989405\/revisions"}],"predecessor-version":[{"id":989410,"href":"https:\/\/sofiesmentaltraining.com\/de\/wp-json\/wp\/v2\/product\/989405\/revisions\/989410"}],"wp:featuredmedia":[{"embeddable":true,"href":"https:\/\/sofiesmentaltraining.com\/de\/wp-json\/wp\/v2\/media\/989213"}],"wp:attachment":[{"href":"https:\/\/sofiesmentaltraining.com\/de\/wp-json\/wp\/v2\/media?parent=989405"}],"wp:term":[{"taxonomy":"product_brand","embeddable":true,"href":"https:\/\/sofiesmentaltraining.com\/de\/wp-json\/wp\/v2\/product_brand?post=989405"},{"taxonomy":"product_cat","embeddable":true,"href":"https:\/\/sofiesmentaltraining.com\/de\/wp-json\/wp\/v2\/product_cat?post=989405"},{"taxonomy":"product_tag","embeddable":true,"href":"https:\/\/sofiesmentaltraining.com\/de\/wp-json\/wp\/v2\/product_tag?post=989405"}],"curies":[{"name":"wp","href":"https:\/\/api.w.org\/{rel}","templated":true}]}}